{"id":8,"date":"2025-08-14T09:01:24","date_gmt":"2025-08-14T09:01:24","guid":{"rendered":"https:\/\/escritorangelramirez.es\/?page_id=8"},"modified":"2025-08-14T10:12:28","modified_gmt":"2025-08-14T10:12:28","slug":"inicio","status":"publish","type":"page","link":"https:\/\/escritorangelramirez.es\/","title":{"rendered":"Inicio"},"content":{"rendered":"<p>[et_pb_section fb_built=\u00bb1&#8243; theme_builder_area=\u00bbpost_content\u00bb _builder_version=\u00bb4.27.4&#8243; _module_preset=\u00bbdefault\u00bb custom_padding=\u00bb0px||||false|false\u00bb hover_enabled=\u00bb0&#8243; sticky_enabled=\u00bb0&#8243;][et_pb_row _builder_version=\u00bb4.27.4&#8243; _module_preset=\u00bbdefault\u00bb theme_builder_area=\u00bbpost_content\u00bb hover_enabled=\u00bb0&#8243; sticky_enabled=\u00bb0&#8243; custom_padding=\u00bb0px||0px||true|false\u00bb width=\u00bb75%\u00bb max_width=\u00bb75%\u00bb][et_pb_column _builder_version=\u00bb4.27.4&#8243; _module_preset=\u00bbdefault\u00bb type=\u00bb4_4&#8243; theme_builder_area=\u00bbpost_content\u00bb][et_pb_code _builder_version=\u00bb4.27.4&#8243; _module_preset=\u00bbdefault\u00bb theme_builder_area=\u00bbpost_content\u00bb hover_enabled=\u00bb0&#8243; sticky_enabled=\u00bb0&#8243; custom_padding=\u00bb0px||0px||true|false\u00bb]<\/p>\n<style><!-- [et_pb_line_break_holder] --><!-- [et_pb_line_break_holder] -->.container {<!-- [et_pb_line_break_holder] -->  display: flex;<!-- [et_pb_line_break_holder] -->  min-height: 50vh;<!-- [et_pb_line_break_holder] -->  gap: 20px; <!-- [et_pb_line_break_holder] -->  color: white;<!-- [et_pb_line_break_holder] -->}<!-- [et_pb_line_break_holder] --><!-- [et_pb_line_break_holder] -->.left {<!-- [et_pb_line_break_holder] -->  flex: 2;<!-- [et_pb_line_break_holder] -->  background: url('https:\/\/images.unsplash.com\/photo-1512820790803-83ca734da794') no-repeat center center\/cover;<!-- [et_pb_line_break_holder] -->  display: flex;<!-- [et_pb_line_break_holder] -->  flex-direction: column;<!-- [et_pb_line_break_holder] -->  justify-content: center;<!-- [et_pb_line_break_holder] -->  padding: 50px;<!-- [et_pb_line_break_holder] -->  background-color: rgba(0,0,0,0.5);<!-- [et_pb_line_break_holder] -->  background-blend-mode: darken;<!-- [et_pb_line_break_holder] -->}<!-- [et_pb_line_break_holder] --><!-- [et_pb_line_break_holder] -->.left h1 {<!-- [et_pb_line_break_holder] -->  font-size: 48px;<!-- [et_pb_line_break_holder] -->  margin-bottom: 10px;<!-- [et_pb_line_break_holder] -->  color: white;<!-- [et_pb_line_break_holder] -->}<!-- [et_pb_line_break_holder] --><!-- [et_pb_line_break_holder] -->.left h2 {<!-- [et_pb_line_break_holder] -->  font-size: 28px;<!-- [et_pb_line_break_holder] -->  margin-bottom: 40px;<!-- [et_pb_line_break_holder] -->  color: white;<!-- [et_pb_line_break_holder] -->}<!-- [et_pb_line_break_holder] --><!-- [et_pb_line_break_holder] -->.left p {<!-- [et_pb_line_break_holder] -->  font-size: 18px;<!-- [et_pb_line_break_holder] -->  font-weight: bold;<!-- [et_pb_line_break_holder] -->}<!-- [et_pb_line_break_holder] --><!-- [et_pb_line_break_holder] -->.right {<!-- [et_pb_line_break_holder] -->  flex: 1;<!-- [et_pb_line_break_holder] -->  background-color: black;<!-- [et_pb_line_break_holder] -->  padding: 30px;<!-- [et_pb_line_break_holder] -->  text-align: center;<!-- [et_pb_line_break_holder] -->}<!-- [et_pb_line_break_holder] --><!-- [et_pb_line_break_holder] -->.right h3 {<!-- [et_pb_line_break_holder] -->  letter-spacing: 2px;<!-- [et_pb_line_break_holder] -->  margin-bottom: 20px;<!-- [et_pb_line_break_holder] -->  color: white;<!-- [et_pb_line_break_holder] -->}<!-- [et_pb_line_break_holder] --><!-- [et_pb_line_break_holder] -->.right img {<!-- [et_pb_line_break_holder] -->  max-width: 100%;<!-- [et_pb_line_break_holder] -->  border: 2px solid white;<!-- [et_pb_line_break_holder] -->}<!-- [et_pb_line_break_holder] --><!-- [et_pb_line_break_holder] -->.right .buy {<!-- [et_pb_line_break_holder] -->  text-align: left;<!-- [et_pb_line_break_holder] -->}<!-- [et_pb_line_break_holder] --><!-- [et_pb_line_break_holder] -->.right strong {<!-- [et_pb_line_break_holder] -->  display: block;<!-- [et_pb_line_break_holder] -->  margin-bottom: 5px;<!-- [et_pb_line_break_holder] -->}<!-- [et_pb_line_break_holder] --><!-- [et_pb_line_break_holder] -->.right p {<!-- [et_pb_line_break_holder] -->  margin: 5px 0;<!-- [et_pb_line_break_holder] -->}<!-- [et_pb_line_break_holder] --><\/style>\n<p><!-- [et_pb_line_break_holder] --><\/p>\n<div class=\"container\"><!-- [et_pb_line_break_holder] -->  <!-- Columna izquierda --><!-- [et_pb_line_break_holder] -->  <\/p>\n<div class=\"left\"><!-- [et_pb_line_break_holder] -->    <\/p>\n<h1>ESCRITOR<!\u2013- [et_pb_br_holder] -\u2013>\u00c1NGEL RAM\u00cdREZ<\/h1>\n<p><!-- [et_pb_line_break_holder] -->    <pee>CONOZCA SU \u00daLTIMO LIBRO<!\u2013- [et_pb_br_holder] -\u2013>MANUNSTHE<\/pee><!-- [et_pb_line_break_holder] -->  <\/div>\n<p><!-- [et_pb_line_break_holder] --><!-- [et_pb_line_break_holder] -->  <!-- Columna derecha --><!-- [et_pb_line_break_holder] -->  <\/p>\n<div class=\"right\"><!-- [et_pb_line_break_holder] -->    <\/p>\n<h3>MANUNSTHE<\/h3>\n<p><!-- [et_pb_line_break_holder] -->    <img decoding=\"async\" src=\"https:\/\/escritorangelramirez.es\/wp-content\/uploads\/2025\/08\/portada_Manunsthe_-angel-ramirez.jpg\"><!-- [et_pb_line_break_holder] -->    <\/p>\n<div class=\"buy\"><!-- [et_pb_line_break_holder] -->      <strong>COMPRAR<\/strong><!-- [et_pb_line_break_holder] -->      <pee><b>N\u00ba de cuenta:<\/b><!\u2013- [et_pb_br_holder] -\u2013>ES26 2100 1979 2601 0071 0724<\/pee><!-- [et_pb_line_break_holder] -->      <pee><b>Tel\u00e9fono para Bizum:<\/b><!\u2013- [et_pb_br_holder] -\u2013>+34 679 232 663<\/pee><!-- [et_pb_line_break_holder] -->    <\/div>\n<p><!-- [et_pb_line_break_holder] -->  <\/div>\n<p><!-- [et_pb_line_break_holder] --><\/div>\n<p><!-- [et_pb_line_break_holder] --><!-- [et_pb_line_break_holder] -->[\/et_pb_code][et_pb_code _builder_version=\u00bb4.27.4&#8243; _module_preset=\u00bbdefault\u00bb theme_builder_area=\u00bbpost_content\u00bb hover_enabled=\u00bb0&#8243; sticky_enabled=\u00bb0&#8243;]<!-- Secci\u00f3n de contacto --><!-- [et_pb_line_break_holder] --><\/p>\n<div class=\"contact-author\"><!-- [et_pb_line_break_holder] -->  <\/p>\n<div class=\"contact-text\"><!-- [et_pb_line_break_holder] -->    \u00bfTIENE ALGUNA PREGUNTA?<!\u2013- [et_pb_br_holder] -\u2013><!-- [et_pb_line_break_holder] -->    CONTACTE CON EL AUTOR<!-- [et_pb_line_break_holder] -->  <\/div>\n<p><!-- [et_pb_line_break_holder] -->  <a href=\"tel:679232663\" class=\"contact-btn\">CONTACTAR<\/a><!-- [et_pb_line_break_holder] --><\/div>\n<p><!-- [et_pb_line_break_holder] --><!-- [et_pb_line_break_holder] --><\/p>\n<style><!-- [et_pb_line_break_holder] -->.contact-author {<!-- [et_pb_line_break_holder] -->  width: 1080px;<!-- [et_pb_line_break_holder] -->  background-color: #0d0d0d;<!-- [et_pb_line_break_holder] -->  color: white;<!-- [et_pb_line_break_holder] -->  display: flex;<!-- [et_pb_line_break_holder] -->  justify-content: space-between;<!-- [et_pb_line_break_holder] -->  align-items: center;<!-- [et_pb_line_break_holder] -->  padding: 25px 40px;<!-- [et_pb_line_break_holder] -->  letter-spacing: 1px;<!-- [et_pb_line_break_holder] -->  margin: 0 auto;<!-- [et_pb_line_break_holder] -->  margin-top: -20px;<!-- [et_pb_line_break_holder] -->}<!-- [et_pb_line_break_holder] --><!-- [et_pb_line_break_holder] -->.contact-text {<!-- [et_pb_line_break_holder] -->  font-size: 18px;<!-- [et_pb_line_break_holder] -->}<!-- [et_pb_line_break_holder] --><!-- [et_pb_line_break_holder] -->.contact-btn {<!-- [et_pb_line_break_holder] -->  border: 1px solid white;<!-- [et_pb_line_break_holder] -->  color: white;<!-- [et_pb_line_break_holder] -->  padding: 10px 25px;<!-- [et_pb_line_break_holder] -->  text-decoration: none;<!-- [et_pb_line_break_holder] -->  font-weight: bold;<!-- [et_pb_line_break_holder] -->  transition: all 0.3s ease;<!-- [et_pb_line_break_holder] -->}<!-- [et_pb_line_break_holder] --><!-- [et_pb_line_break_holder] -->.contact-btn:hover {<!-- [et_pb_line_break_holder] -->  background-color: white;<!-- [et_pb_line_break_holder] -->  color: black;<!-- [et_pb_line_break_holder] -->}<!-- [et_pb_line_break_holder] --><\/style>\n<p><!-- [et_pb_line_break_holder] -->[\/et_pb_code][\/et_pb_column][\/et_pb_row][\/et_pb_section][et_pb_section fb_built=\u00bb1&#8243; theme_builder_area=\u00bbpost_content\u00bb _builder_version=\u00bb4.27.4&#8243; _module_preset=\u00bbdefault\u00bb][et_pb_row _builder_version=\u00bb4.27.4&#8243; _module_preset=\u00bbdefault\u00bb theme_builder_area=\u00bbpost_content\u00bb column_structure=\u00bb1_4,3_4&#8243; hover_enabled=\u00bb0&#8243; sticky_enabled=\u00bb0&#8243;][et_pb_column _builder_version=\u00bb4.27.4&#8243; _module_preset=\u00bbdefault\u00bb type=\u00bb1_4&#8243; theme_builder_area=\u00bbpost_content\u00bb][et_pb_image src=\u00bbhttps:\/\/escritorangelramirez.es\/wp-content\/uploads\/2025\/08\/firmas-de-libros-angel-ramirez-1.jpg\u00bb _builder_version=\u00bb4.27.4&#8243; _module_preset=\u00bbdefault\u00bb theme_builder_area=\u00bbpost_content\u00bb title_text=\u00bbfirmas de libros angel ramirez 1&#8243; hover_enabled=\u00bb0&#8243; sticky_enabled=\u00bb0&#8243;][\/et_pb_image][\/et_pb_column][et_pb_column _builder_version=\u00bb4.27.4&#8243; _module_preset=\u00bbdefault\u00bb type=\u00bb3_4&#8243; theme_builder_area=\u00bbpost_content\u00bb][et_pb_text _builder_version=\u00bb4.27.4&#8243; _module_preset=\u00bbdefault\u00bb theme_builder_area=\u00bbpost_content\u00bb hover_enabled=\u00bb0&#8243; sticky_enabled=\u00bb0&#8243; custom_margin=\u00bb25px||||false|false\u00bb]<\/p>\n<h2>\u00bfQUI\u00c9N ES \u00c1NGEL RAM\u00cdREZ?<\/h2>\n<p>[\/et_pb_text][et_pb_divider _builder_version=\u00bb4.27.4&#8243; _module_preset=\u00bbdefault\u00bb theme_builder_area=\u00bbpost_content\u00bb color=\u00bb#3f007c\u00bb divider_weight=\u00bb3px\u00bb width=\u00bb100px\u00bb hover_enabled=\u00bb0&#8243; sticky_enabled=\u00bb0&#8243; custom_margin=\u00bb-20px||||false|false\u00bb][\/et_pb_divider][et_pb_text _builder_version=\u00bb4.27.4&#8243; _module_preset=\u00bbdefault\u00bb theme_builder_area=\u00bbpost_content\u00bb hover_enabled=\u00bb0&#8243; sticky_enabled=\u00bb0&#8243; custom_margin=\u00bb-25px||||false|false\u00bb text_text_color=\u00bb#000000&#8243;]<\/p>\n<p style=\"text-align: justify;\">\u00c1ngel Ram\u00edrez naci\u00f3 en Nerja (M\u00e1laga) en 1978, desde muy ni\u00f1o sinti\u00f3 afici\u00f3n por la lectura, una afici\u00f3n que con el tiempo se convertir\u00eda en una aut\u00e9ntica pasi\u00f3n. La poes\u00eda y los relatos cortos fueron sus inicios con el mundo de la escritura, pero sin llegar a publicarlo. Tambi\u00e9n escribi\u00f3 obras de teatro, las cuales tuvieron muy buena acogida por<br \/>el p\u00fablico del grupo de teatro al que pertenec\u00eda en Nerja. La novela polic\u00edaca y la novela de ciencia ficci\u00f3n marcar\u00edan su adolescencia, teniendo como referentes autores como Eduardo Mendoza, Anne Rice o Tolkien&#8230;<\/p>\n<p style=\"text-align: justify;\"><span style=\"color: #3f007c;\"><a href=\"https:\/\/escritorangelramirez.es\/biografia\/\" style=\"color: #3f007c;\">Leer m\u00e1s<\/a><\/span><\/p>\n<p>[\/et_pb_text][\/et_pb_column][\/et_pb_row][et_pb_row _builder_version=\u00bb4.27.4&#8243; _module_preset=\u00bbdefault\u00bb theme_builder_area=\u00bbpost_content\u00bb column_structure=\u00bb1_4,3_4&#8243; hover_enabled=\u00bb0&#8243; sticky_enabled=\u00bb0&#8243;][et_pb_column _builder_version=\u00bb4.27.4&#8243; _module_preset=\u00bbdefault\u00bb type=\u00bb1_4&#8243; theme_builder_area=\u00bbpost_content\u00bb][et_pb_image src=\u00bbhttps:\/\/escritorangelramirez.es\/wp-content\/uploads\/2025\/08\/portada_Manunsthe_-angel-ramirez.jpg\u00bb _builder_version=\u00bb4.27.4&#8243; _module_preset=\u00bbdefault\u00bb theme_builder_area=\u00bbpost_content\u00bb title_text=\u00bbportada_Manunsthe_ angel ramirez\u00bb hover_enabled=\u00bb0&#8243; sticky_enabled=\u00bb0&#8243;][\/et_pb_image][\/et_pb_column][et_pb_column _builder_version=\u00bb4.27.4&#8243; _module_preset=\u00bbdefault\u00bb type=\u00bb3_4&#8243; theme_builder_area=\u00bbpost_content\u00bb][et_pb_text _builder_version=\u00bb4.27.4&#8243; _module_preset=\u00bbdefault\u00bb theme_builder_area=\u00bbpost_content\u00bb hover_enabled=\u00bb0&#8243; sticky_enabled=\u00bb0&#8243; custom_margin=\u00bb-2px||||false|false\u00bb]<\/p>\n<h2>MANUNSTHE<\/h2>\n<p>[\/et_pb_text][et_pb_divider _builder_version=\u00bb4.27.4&#8243; _module_preset=\u00bbdefault\u00bb theme_builder_area=\u00bbpost_content\u00bb color=\u00bb#3f007c\u00bb divider_weight=\u00bb3px\u00bb width=\u00bb100px\u00bb hover_enabled=\u00bb0&#8243; sticky_enabled=\u00bb0&#8243; custom_margin=\u00bb-20px||||false|false\u00bb][\/et_pb_divider][et_pb_text _builder_version=\u00bb4.27.4&#8243; _module_preset=\u00bbdefault\u00bb theme_builder_area=\u00bbpost_content\u00bb hover_enabled=\u00bb0&#8243; sticky_enabled=\u00bb0&#8243; custom_margin=\u00bb-25px||||false|false\u00bb text_text_color=\u00bb#000000&#8243;]<\/p>\n<p style=\"text-align: justify;\">\u00bfY si todo cuanto nos hubieran ense\u00f1ado sobre nuestro planeta no fuera cierto? \u00bfY si descubrieras que dispones de un poder ancestral tan inmenso que puedes viajar a cualquier punto de la V\u00eda L\u00e1ctea que desees? \u00bfY si ese poder estuviera amenazado por seres muy poderosos que viven al otro extremo de nuestra galaxia? \u00bfY si esa amenaza atentara directamente contra la V\u00eda L\u00e1ctea y sobre todo sobre nuestro planeta? Esto mismo es lo que est\u00e1 a punto de descubrir Adrien Hawkins, un chico normal y corriente de 25 a\u00f1os que vive en Manunsthe, una isla del pac\u00edfico donde vive y trabaja con su padre en una armer\u00eda. Una noche Adrien se ve sorprendido por un fuerte destello azul que ilumina todo el sal\u00f3n de su casa por unos instantes. Lo m\u00e1s extra\u00f1o es que dicha luz nace de la chaqueta de su padre. A este hecho se le une una extra\u00f1a nota que recibe este en raras circunstancias. A ra\u00edz de este suceso, los protagonistas se sumergir\u00e1n casi sin darse cuenta en una trepidante aventura contrarreloj para desentramar el misterio. Un enigma que de caer en manos equivocadas podr\u00eda hacer tambalear todas las leyes que rigen nuestra galaxia, hasta el punto de verse reducida a cenizas.<\/p>\n<p style=\"text-align: justify;\"><strong>19,65\u20ac GASTOS DE ENV\u00cdO INCLUIDOS<\/strong><\/p>\n<p>[\/et_pb_text][\/et_pb_column][\/et_pb_row][\/et_pb_section][et_pb_section fb_built=\u00bb1&#8243; theme_builder_area=\u00bbpost_content\u00bb _builder_version=\u00bb4.27.4&#8243; _module_preset=\u00bbdefault\u00bb][et_pb_row _builder_version=\u00bb4.27.4&#8243; _module_preset=\u00bbdefault\u00bb theme_builder_area=\u00bbpost_content\u00bb column_structure=\u00bb1_2,1_2&#8243; hover_enabled=\u00bb0&#8243; sticky_enabled=\u00bb0&#8243;][et_pb_column _builder_version=\u00bb4.27.4&#8243; _module_preset=\u00bbdefault\u00bb type=\u00bb1_2&#8243; theme_builder_area=\u00bbpost_content\u00bb][et_pb_contact_form _builder_version=\u00bb4.27.4&#8243; _module_preset=\u00bbdefault\u00bb _unique_id=\u00bba52a1a21-cd2a-415d-b4e4-22eed49f942b\u00bb theme_builder_area=\u00bbpost_content\u00bb hover_enabled=\u00bb0&#8243; sticky_enabled=\u00bb0&#8243; email=\u00bbinfo@escritorangelramirez.es\u00bb use_spam_service=\u00bbon\u00bb recaptcha_list=\u00bbescritorangelramirez-0&#8243; form_field_background_color=\u00bb#FFFFFF\u00bb form_field_text_color=\u00bb#000000&#8243; border_color_all=\u00bb#000000&#8243; border_width_all=\u00bb1px\u00bb custom_button=\u00bbon\u00bb button_text_color=\u00bb#FFFFFF\u00bb button_bg_color=\u00bb#40007d\u00bb button_bg_enable_color=\u00bbon\u00bb button_use_icon=\u00bboff\u00bb button_border_width=\u00bb0px\u00bb button_border_radius=\u00bb0px\u00bb][et_pb_contact_field field_id=\u00bbName\u00bb field_title=\u00bbNombre\u00bb _builder_version=\u00bb4.27.4&#8243; hover_enabled=\u00bb0&#8243; global_colors_info=\u00bb{}\u00bb button_text_size__hover_enabled=\u00bboff\u00bb button_one_text_size__hover_enabled=\u00bboff\u00bb button_two_text_size__hover_enabled=\u00bboff\u00bb button_text_color__hover_enabled=\u00bboff\u00bb button_one_text_color__hover_enabled=\u00bboff\u00bb button_two_text_color__hover_enabled=\u00bboff\u00bb button_border_width__hover_enabled=\u00bboff\u00bb button_one_border_width__hover_enabled=\u00bboff\u00bb button_two_border_width__hover_enabled=\u00bboff\u00bb button_border_color__hover_enabled=\u00bboff\u00bb button_one_border_color__hover_enabled=\u00bboff\u00bb button_two_border_color__hover_enabled=\u00bboff\u00bb button_border_radius__hover_enabled=\u00bboff\u00bb button_one_border_radius__hover_enabled=\u00bboff\u00bb button_two_border_radius__hover_enabled=\u00bboff\u00bb button_letter_spacing__hover_enabled=\u00bboff\u00bb button_one_letter_spacing__hover_enabled=\u00bboff\u00bb button_two_letter_spacing__hover_enabled=\u00bboff\u00bb button_bg_color__hover_enabled=\u00bboff\u00bb button_one_bg_color__hover_enabled=\u00bboff\u00bb button_two_bg_color__hover_enabled=\u00bboff\u00bb theme_builder_area=\u00bbpost_content\u00bb fullwidth_field=\u00bbon\u00bb sticky_enabled=\u00bb0&#8243;][\/et_pb_contact_field][et_pb_contact_field field_id=\u00bbEmail\u00bb field_title=\u00bbCorreo electr\u00f3nico\u00bb field_type=\u00bbemail\u00bb _builder_version=\u00bb4.27.4&#8243; hover_enabled=\u00bb0&#8243; global_colors_info=\u00bb{}\u00bb button_text_size__hover_enabled=\u00bboff\u00bb button_one_text_size__hover_enabled=\u00bboff\u00bb button_two_text_size__hover_enabled=\u00bboff\u00bb button_text_color__hover_enabled=\u00bboff\u00bb button_one_text_color__hover_enabled=\u00bboff\u00bb button_two_text_color__hover_enabled=\u00bboff\u00bb button_border_width__hover_enabled=\u00bboff\u00bb button_one_border_width__hover_enabled=\u00bboff\u00bb button_two_border_width__hover_enabled=\u00bboff\u00bb button_border_color__hover_enabled=\u00bboff\u00bb button_one_border_color__hover_enabled=\u00bboff\u00bb button_two_border_color__hover_enabled=\u00bboff\u00bb button_border_radius__hover_enabled=\u00bboff\u00bb button_one_border_radius__hover_enabled=\u00bboff\u00bb button_two_border_radius__hover_enabled=\u00bboff\u00bb button_letter_spacing__hover_enabled=\u00bboff\u00bb button_one_letter_spacing__hover_enabled=\u00bboff\u00bb button_two_letter_spacing__hover_enabled=\u00bboff\u00bb button_bg_color__hover_enabled=\u00bboff\u00bb button_one_bg_color__hover_enabled=\u00bboff\u00bb button_two_bg_color__hover_enabled=\u00bboff\u00bb theme_builder_area=\u00bbpost_content\u00bb fullwidth_field=\u00bbon\u00bb sticky_enabled=\u00bb0&#8243;][\/et_pb_contact_field][et_pb_contact_field field_id=\u00bbMessage\u00bb field_title=\u00bbMensaje\u00bb field_type=\u00bbtext\u00bb fullwidth_field=\u00bbon\u00bb _builder_version=\u00bb4.16&#8243; global_colors_info=\u00bb{}\u00bb button_text_size__hover_enabled=\u00bboff\u00bb button_one_text_size__hover_enabled=\u00bboff\u00bb button_two_text_size__hover_enabled=\u00bboff\u00bb button_text_color__hover_enabled=\u00bboff\u00bb button_one_text_color__hover_enabled=\u00bboff\u00bb button_two_text_color__hover_enabled=\u00bboff\u00bb button_border_width__hover_enabled=\u00bboff\u00bb button_one_border_width__hover_enabled=\u00bboff\u00bb button_two_border_width__hover_enabled=\u00bboff\u00bb button_border_color__hover_enabled=\u00bboff\u00bb button_one_border_color__hover_enabled=\u00bboff\u00bb button_two_border_color__hover_enabled=\u00bboff\u00bb button_border_radius__hover_enabled=\u00bboff\u00bb button_one_border_radius__hover_enabled=\u00bboff\u00bb button_two_border_radius__hover_enabled=\u00bboff\u00bb button_letter_spacing__hover_enabled=\u00bboff\u00bb button_one_letter_spacing__hover_enabled=\u00bboff\u00bb button_two_letter_spacing__hover_enabled=\u00bboff\u00bb button_bg_color__hover_enabled=\u00bboff\u00bb button_one_bg_color__hover_enabled=\u00bboff\u00bb button_two_bg_color__hover_enabled=\u00bboff\u00bb theme_builder_area=\u00bbpost_content\u00bb][\/et_pb_contact_field][\/et_pb_contact_form][\/et_pb_column][et_pb_column _builder_version=\u00bb4.27.4&#8243; _module_preset=\u00bbdefault\u00bb type=\u00bb1_2&#8243; theme_builder_area=\u00bbpost_content\u00bb background_color=\u00bb#b2ddff\u00bb custom_padding=\u00bb56px|30px|56px|30px|true|true\u00bb hover_enabled=\u00bb0&#8243; sticky_enabled=\u00bb0&#8243;][et_pb_text _builder_version=\u00bb4.27.4&#8243; _module_preset=\u00bbdefault\u00bb theme_builder_area=\u00bbpost_content\u00bb hover_enabled=\u00bb0&#8243; sticky_enabled=\u00bb0&#8243;]<\/p>\n<h2><span style=\"color: #000000;\">DATOS DE CONTACTO<\/span><\/h2>\n<p>[\/et_pb_text][et_pb_divider _builder_version=\u00bb4.27.4&#8243; _module_preset=\u00bbdefault\u00bb theme_builder_area=\u00bbpost_content\u00bb color=\u00bb#3f007c\u00bb divider_weight=\u00bb3px\u00bb width=\u00bb100px\u00bb hover_enabled=\u00bb0&#8243; sticky_enabled=\u00bb0&#8243; custom_margin=\u00bb-20px||||false|false\u00bb][\/et_pb_divider][et_pb_code _builder_version=\u00bb4.27.4&#8243; _module_preset=\u00bbdefault\u00bb theme_builder_area=\u00bbpost_content\u00bb hover_enabled=\u00bb0&#8243; sticky_enabled=\u00bb0&#8243;]<!-- [et_pb_line_break_holder] -->  <link rel=\"stylesheet\" href=\"https:\/\/cdnjs.cloudflare.com\/ajax\/libs\/font-awesome\/6.4.0\/css\/all.min.css\"><!-- [et_pb_line_break_holder] --><!-- [et_pb_line_break_holder] -->  <\/p>\n<div class=\"contact-container\"><!-- [et_pb_line_break_holder] -->    <\/p>\n<div class=\"contact-item\"><!-- [et_pb_line_break_holder] -->      <i class=\"fas fa-phone\"><\/i><!-- [et_pb_line_break_holder] -->      <\/p>\n<div><!-- [et_pb_line_break_holder] -->        <strong>Tel\u00e9fono<\/strong><!\u2013- [et_pb_br_holder] -\u2013><!-- [et_pb_line_break_holder] -->        +34 679 232 663<!-- [et_pb_line_break_holder] -->      <\/div>\n<p><!-- [et_pb_line_break_holder] -->    <\/div>\n<p><!-- [et_pb_line_break_holder] --><!-- [et_pb_line_break_holder] -->    <\/p>\n<div class=\"contact-item\"><!-- [et_pb_line_break_holder] -->      <i class=\"fas fa-envelope\"><\/i><!-- [et_pb_line_break_holder] -->      <\/p>\n<div><!-- [et_pb_line_break_holder] -->        <strong>Correo electr\u00f3nico<\/strong><!\u2013- [et_pb_br_holder] -\u2013><!-- [et_pb_line_break_holder] -->        info@escritorangelramirez.es<!-- [et_pb_line_break_holder] -->      <\/div>\n<p><!-- [et_pb_line_break_holder] -->    <\/div>\n<p><!-- [et_pb_line_break_holder] -->  <\/div>\n<p><!-- [et_pb_line_break_holder] --><!-- [et_pb_line_break_holder] --><\/p>\n<style><!-- [et_pb_line_break_holder] -->.contact-container {<!-- [et_pb_line_break_holder] -->  display: flex;<!-- [et_pb_line_break_holder] -->  flex-direction: column;<!-- [et_pb_line_break_holder] -->  gap: 15px;<!-- [et_pb_line_break_holder] -->  max-width: 600px;<!-- [et_pb_line_break_holder] -->  margin: 0 auto;<!-- [et_pb_line_break_holder] -->  margin-top:-25px;<!-- [et_pb_line_break_holder] -->}<!-- [et_pb_line_break_holder] --><!-- [et_pb_line_break_holder] -->.contact-item {<!-- [et_pb_line_break_holder] -->  display: flex;<!-- [et_pb_line_break_holder] -->  align-items: flex-start;<!-- [et_pb_line_break_holder] -->  gap: 15px;<!-- [et_pb_line_break_holder] -->  font-size: 16px;<!-- [et_pb_line_break_holder] -->  color: black;<!-- [et_pb_line_break_holder] -->}<!-- [et_pb_line_break_holder] --><!-- [et_pb_line_break_holder] -->.contact-item i {<!-- [et_pb_line_break_holder] -->  font-size: 24px;<!-- [et_pb_line_break_holder] -->  margin-top: 4px;<!-- [et_pb_line_break_holder] -->}<!-- [et_pb_line_break_holder] --><\/style>\n<p>[\/et_pb_code][\/et_pb_column][\/et_pb_row][\/et_pb_section]<\/p>\n","protected":false},"excerpt":{"rendered":"<p>\u00bfQUI\u00c9N ES \u00c1NGEL RAM\u00cdREZ?\u00c1ngel Ram\u00edrez naci\u00f3 en Nerja (M\u00e1laga) en 1978, desde muy ni\u00f1o sinti\u00f3 afici\u00f3n por la lectura, una afici\u00f3n que con el tiempo se convertir\u00eda en una aut\u00e9ntica pasi\u00f3n. La poes\u00eda y los relatos cortos fueron sus inicios con el mundo de la escritura, pero sin llegar a publicarlo. Tambi\u00e9n escribi\u00f3 obras de [&hellip;]<\/p>\n","protected":false},"author":1,"featured_media":0,"parent":0,"menu_order":0,"comment_status":"closed","ping_status":"closed","template":"","meta":{"_et_pb_use_builder":"on","_et_pb_old_content":"<!-- wp:divi\/placeholder \/-->","_et_gb_content_width":"","footnotes":""},"class_list":["post-8","page","type-page","status-publish","hentry"],"_links":{"self":[{"href":"https:\/\/escritorangelramirez.es\/index.php?rest_route=\/wp\/v2\/pages\/8","targetHints":{"allow":["GET"]}}],"collection":[{"href":"https:\/\/escritorangelramirez.es\/index.php?rest_route=\/wp\/v2\/pages"}],"about":[{"href":"https:\/\/escritorangelramirez.es\/index.php?rest_route=\/wp\/v2\/types\/page"}],"author":[{"embeddable":true,"href":"https:\/\/escritorangelramirez.es\/index.php?rest_route=\/wp\/v2\/users\/1"}],"replies":[{"embeddable":true,"href":"https:\/\/escritorangelramirez.es\/index.php?rest_route=%2Fwp%2Fv2%2Fcomments&post=8"}],"version-history":[{"count":9,"href":"https:\/\/escritorangelramirez.es\/index.php?rest_route=\/wp\/v2\/pages\/8\/revisions"}],"predecessor-version":[{"id":54,"href":"https:\/\/escritorangelramirez.es\/index.php?rest_route=\/wp\/v2\/pages\/8\/revisions\/54"}],"wp:attachment":[{"href":"https:\/\/escritorangelramirez.es\/index.php?rest_route=%2Fwp%2Fv2%2Fmedia&parent=8"}],"curies":[{"name":"wp","href":"https:\/\/api.w.org\/{rel}","templated":true}]}}